{"id":178,"date":"2021-09-30T12:08:59","date_gmt":"2021-09-30T12:08:59","guid":{"rendered":"https:\/\/mkla.com.br\/?page_id=178"},"modified":"2022-04-12T12:51:57","modified_gmt":"2022-04-12T12:51:57","slug":"quem-somos","status":"publish","type":"page","link":"https:\/\/mkla.com.br\/?page_id=178","title":{"rendered":"Quem somos"},"content":{"rendered":"<div data-colibri-id=\"178-c1\" class=\"style-369 style-local-178-c1 position-relative\">\n  <!---->\n  <div data-colibri-component=\"section\" data-colibri-id=\"178-c2\" id=\"initial-content\" class=\"h-section h-section-global-spacing d-flex align-items-lg-center align-items-md-center align-items-center style-370 style-local-178-c2 position-relative\">\n    <!---->\n    <!---->\n    <div class=\"h-section-grid-container h-section-boxed-container\">\n      <div data-colibri-id=\"178-c6\" class=\"h-row-container gutters-row-lg-2 gutters-row-md-2 gutters-row-0 gutters-row-v-lg-2 gutters-row-v-md-2 gutters-row-v-2 style-374 style-local-178-c6 position-relative\">\n        <!---->\n        <div class=\"h-row justify-content-lg-center justify-content-md-center justify-content-center align-items-lg-stretch align-items-md-stretch align-items-stretch gutters-col-lg-2 gutters-col-md-2 gutters-col-0 gutters-col-v-lg-2 gutters-col-v-md-2 gutters-col-v-2\">\n          <!---->\n          <div class=\"h-column h-column-container d-flex h-col-lg-auto h-col-md-auto h-col-auto style-375-outer style-local-178-c7-outer\">\n            <div data-colibri-id=\"178-c7\" class=\"d-flex h-flex-basis h-column__inner h-px-lg-2 h-px-md-2 h-px-2 v-inner-lg-2 v-inner-md-2 v-inner-2 style-375 style-local-178-c7 position-relative\">\n              <!---->\n              <!---->\n              <div class=\"w-100 h-y-container h-column__content h-column__v-align flex-basis-100 align-self-lg-start align-self-md-start align-self-start\">\n                <!---->\n                <div data-colibri-id=\"178-c8\" class=\"h-global-transition-all h-heading style-376 style-local-178-c8 position-relative h-element\">\n                  <!---->\n                  <div class=\"h-heading__outer style-376 style-local-178-c8\">\n                    <!---->\n                    <!---->\n                    <h2 class=\"\">Nossa hist\u00f3ria<\/h2>\n                  <\/div>\n                <\/div>\n              <\/div>\n            <\/div>\n          <\/div>\n        <\/div>\n      <\/div>\n      <div data-colibri-id=\"178-c3\" class=\"h-row-container gutters-row-lg-3 gutters-row-md-3 gutters-row-0 gutters-row-v-lg-3 gutters-row-v-md-3 gutters-row-v-3 style-371 style-local-178-c3 position-relative\">\n        <!---->\n        <div class=\"h-row justify-content-lg-center justify-content-md-center justify-content-center align-items-lg-stretch align-items-md-stretch align-items-stretch gutters-col-lg-3 gutters-col-md-3 gutters-col-0 gutters-col-v-lg-3 gutters-col-v-md-3 gutters-col-v-3\">\n          <!---->\n          <div class=\"h-column h-column-container d-flex h-col-lg-auto h-col-md-auto h-col-auto style-372-outer style-local-178-c4-outer\">\n            <div data-colibri-id=\"178-c4\" class=\"d-flex h-flex-basis h-column__inner h-px-lg-3 h-px-md-3 h-px-3 v-inner-lg-3 v-inner-md-3 v-inner-3 style-372 style-local-178-c4 position-relative\">\n              <!---->\n              <!---->\n              <div class=\"w-100 h-y-container h-column__content h-column__v-align flex-basis-100 align-self-lg-start align-self-md-start align-self-start\">\n                <!---->\n                <div data-colibri-id=\"178-c5\" class=\"style-373 style-local-178-c5 position-relative h-element\">\n                  <!---->\n                  <div>\n                    \n                    <p style=\"font-size:25px\"><strong>Prop\u00f3sito<\/strong><\/p>\n                    \n\n                    \n                    <p>Proporcionar uma experi\u00eancia internacional e\n                      <br>momentos inesquec\u00edveis para os chocolovers!<\/p>\n                    \n\n                    \n                    <p style=\"font-size:25px\">Miss\u00e3o<\/p>\n                    \n\n                    \n                    <p>Oferecer uma grande variedade de chocolates\n                      <br>cremosos e um mix de produtos importados\n                      <br>deliciosos das melhores marcas do mundo,\n                      <br>encantando e proporcionando alegria aos\n                      <br>apaixonados por chocolate!<\/p>\n                    \n\n                    \n                    <p style=\"font-size:25px\"><strong>Vis\u00e3o<\/strong><\/p>\n                    \n\n                    \n                    <p>Ser a primeira op\u00e7\u00e3o de escolha de neg\u00f3cios\n                      <br>de chocolates importados e ser reconhecida\n                      <br>como a melhor no conceito de redes de franquia\n                      <br>do Brasil.<\/p>\n                    \n                  <\/div>\n                <\/div>\n              <\/div>\n            <\/div>\n          <\/div>\n        <\/div>\n      <\/div>\n    <\/div>\n  <\/div>\n  <div data-colibri-component=\"section\" data-colibri-id=\"178-c9\" id=\"about\" class=\"h-section h-section-global-spacing d-flex align-items-lg-center align-items-md-center align-items-center style-377 style-local-178-c9 position-relative\">\n    <!---->\n    <!---->\n    <div class=\"h-section-grid-container h-section-boxed-container\">\n      <!---->\n      <div data-colibri-id=\"178-c10\" class=\"h-row-container gutters-row-lg-0 gutters-row-md-0 gutters-row-2 gutters-row-v-lg-0 gutters-row-v-md-0 gutters-row-v-2 style-378 style-local-178-c10 position-relative\">\n        <!---->\n        <div class=\"h-row justify-content-lg-center justify-content-md-center justify-content-center align-items-lg-center align-items-md-center align-items-center gutters-col-lg-0 gutters-col-md-0 gutters-col-2 gutters-col-v-lg-0 gutters-col-v-md-0 gutters-col-v-2\">\n          <!---->\n          <div class=\"h-column h-column-container d-flex h-col-lg-auto h-col-md-auto h-col-auto align-self-lg-center align-self-md-center align-self-center style-379-outer style-local-178-c11-outer\">\n            <div data-colibri-id=\"178-c11\" class=\"d-flex h-flex-basis h-column__inner h-px-lg-2 h-px-md-2 h-px-2 v-inner-lg-2 v-inner-md-2 v-inner-2 style-379 style-local-178-c11 position-relative\">\n              <!---->\n              <!---->\n              <div class=\"w-100 h-y-container h-column__content h-column__v-align flex-basis-100 align-self-lg-center align-self-md-center align-self-center\">\n                <!---->\n                <div data-colibri-id=\"178-c12\" class=\"h-global-transition-all h-heading style-381 style-local-178-c12 position-relative h-element\">\n                  <!---->\n                  <div class=\"h-heading__outer style-381 style-local-178-c12\">\n                    <!---->\n                    <!---->\n                    <h2 class=\"\">Fa\u00e7a parte de uma franquia de sucesso!<\/h2>\n                  <\/div>\n                <\/div>\n                <div data-colibri-id=\"178-c13\" class=\"h-x-container style-383 style-local-178-c13 position-relative h-element\">\n                  <!---->\n                  <div class=\"h-x-container-inner style-dynamic-178-c13-group style-383-spacing style-local-178-c13-spacing\"><span class=\"h-button__outer style-384-outer style-local-178-c14-outer d-inline-flex h-element\"><a h-use-smooth-scroll=\"true\" href=\"https:\/\/mkla.com.br\/?page_id=235\"  data-colibri-id=\"178-c14\" class=\"d-flex w-100 align-items-center h-button justify-content-lg-center justify-content-md-center justify-content-center style-384 style-local-178-c14 position-relative\"><!----><!----> <span>Saiba mais<\/span><\/a>\n                    <\/span>\n                  <\/div>\n                <\/div>\n              <\/div>\n            <\/div>\n          <\/div>\n          <div class=\"h-column h-column-container d-flex h-col-lg-auto h-col-md-auto h-col-auto align-self-lg-center align-self-md-center align-self-center style-385-outer style-local-178-c15-outer\">\n            <div data-colibri-id=\"178-c15\" class=\"d-flex h-flex-basis h-column__inner h-px-lg-2 h-px-md-2 h-px-2 v-inner-lg-2 v-inner-md-2 v-inner-2 style-385 style-local-178-c15 position-relative\">\n              <!---->\n              <!---->\n              <div class=\"w-100 h-y-container h-column__content h-column__v-align flex-basis-100 align-self-lg-center align-self-md-center align-self-center\">\n                <!---->\n                <div data-colibri-id=\"178-c16\" class=\"d-block style-386 style-local-178-c16 position-relative h-element\">\n                  <!---->\n                  <div class=\"h-image__frame-container-outer\">\n                    <div class=\"h-image__frame-container\">\n                      <!---->\n                      <!---->\n                      <img loading=\"lazy\" decoding=\"async\" width=\"1920\" height=\"1920\" src=\"https:\/\/mkla.com.br\/wp-content\/uploads\/2021\/09\/LOGO-GPMKLA.png\" class=\"wp-image-205 style-386-image style-local-178-c16-image\" alt=\"\" srcset=\"https:\/\/mkla.com.br\/wp-content\/uploads\/2021\/09\/LOGO-GPMKLA.png 1920w, https:\/\/mkla.com.br\/wp-content\/uploads\/2021\/09\/LOGO-GPMKLA-300x300.png 300w, https:\/\/mkla.com.br\/wp-content\/uploads\/2021\/09\/LOGO-GPMKLA-100x100.png 100w, https:\/\/mkla.com.br\/wp-content\/uploads\/2021\/09\/LOGO-GPMKLA-600x600.png 600w\" sizes=\"auto, (max-width: 1920px) 100vw, 1920px\" \/>\n                      <div class=\"h-image__frame h-hide-lg h-hide-md h-hide-sm style-386-frameImage style-local-178-c16-frameImage\"><\/div>\n                    <\/div>\n                  <\/div>\n                <\/div>\n              <\/div>\n            <\/div>\n          <\/div>\n        <\/div>\n      <\/div>\n    <\/div>\n  <\/div>\n<\/div>","protected":false},"excerpt":{"rendered":"<p>Nossa hist\u00f3ria Prop\u00f3sito Proporcionar uma experi\u00eancia internacional e momentos inesquec\u00edveis para os chocolovers! Miss\u00e3o Oferecer uma grande variedade de chocolates cremosos e um mix de produtos importados deliciosos das melhores marcas do mundo, encantando e proporcionando alegria aos apaixonados por chocolate! Vis\u00e3o Ser a primeira op\u00e7\u00e3o de escolha de neg\u00f3cios de chocolates importados e ser [&hellip;]<\/p>\n","protected":false},"author":1,"featured_media":0,"parent":0,"menu_order":0,"comment_status":"closed","ping_status":"closed","template":"page-templates\/full-width-page.php","meta":{"_themeisle_gutenberg_block_has_review":false,"footnotes":""},"class_list":["post-178","page","type-page","status-publish","hentry"],"_links":{"self":[{"href":"https:\/\/mkla.com.br\/index.php?rest_route=\/wp\/v2\/pages\/178","targetHints":{"allow":["GET"]}}],"collection":[{"href":"https:\/\/mkla.com.br\/index.php?rest_route=\/wp\/v2\/pages"}],"about":[{"href":"https:\/\/mkla.com.br\/index.php?rest_route=\/wp\/v2\/types\/page"}],"author":[{"embeddable":true,"href":"https:\/\/mkla.com.br\/index.php?rest_route=\/wp\/v2\/users\/1"}],"replies":[{"embeddable":true,"href":"https:\/\/mkla.com.br\/index.php?rest_route=%2Fwp%2Fv2%2Fcomments&post=178"}],"version-history":[{"count":7,"href":"https:\/\/mkla.com.br\/index.php?rest_route=\/wp\/v2\/pages\/178\/revisions"}],"predecessor-version":[{"id":2322,"href":"https:\/\/mkla.com.br\/index.php?rest_route=\/wp\/v2\/pages\/178\/revisions\/2322"}],"wp:attachment":[{"href":"https:\/\/mkla.com.br\/index.php?rest_route=%2Fwp%2Fv2%2Fmedia&parent=178"}],"curies":[{"name":"wp","href":"https:\/\/api.w.org\/{rel}","templated":true}]}}